{"id":14,"date":"2024-04-16T12:09:49","date_gmt":"2024-04-16T10:09:49","guid":{"rendered":"https:\/\/a64221.mguro.sde.dk\/?page_id=14"},"modified":"2025-03-26T16:23:49","modified_gmt":"2025-03-26T15:23:49","slug":"forside-daisy","status":"publish","type":"page","link":"https:\/\/a64221.mguro.sde.dk\/","title":{"rendered":"FORSIDE"},"content":{"rendered":"<style>\/*! elementor - v3.20.0 - 10-04-2024 *\/\n.elementor-widget-image{text-align:center}.elementor-widget-image a{display:inline-block}.elementor-widget-image a img[src$=\".svg\"]{width:48px}.elementor-widget-image img{vertical-align:middle;display:inline-block}<\/style>\n<p>\t\t\t\t\t\t\t\t\t\t<img fetchpriority=\"high\" decoding=\"async\" width=\"2048\" height=\"1318\" src=\"https:\/\/a64221.mguro.sde.dk\/wp-content\/uploads\/2024\/04\/NU-2048x1318.png\" alt=\"\" \/>\t\t\t\t\t\t\t\t\t\t\t\t\t<\/p>\n<p>Som en mediegrafiker studerende ved Syddansk Erhvervsskole, er jeg i \u00f8jeblikket engageret i Grundforl\u00f8b 2, og jeg finder stor gl\u00e6de i hvert aspekt af min uddannelse. Jeg str\u00e6ber efter en ren \u00e6stetik i mit arbejde og nyder at skabe visuelt tiltalende indhold.\u00a0<\/p>\n<p>Mit m\u00e5l er at udvikle mine f\u00e6rdigheder og forts\u00e6tte med at udforske gr\u00e6nserne for kreativitet inden for mediegrafik. Jeg er dedikeret til at skabe innovative l\u00f8sninger og bidrage til sp\u00e6ndende projekter inden for branchen.<\/p>\n<p>\t\t\t\t\t\t\t\t\t\t\t\t\t<img decoding=\"async\" width=\"724\" height=\"1024\" src=\"https:\/\/a64221.mguro.sde.dk\/wp-content\/uploads\/2024\/04\/1-724x1024.png\" alt=\"\" srcset=\"https:\/\/a64221.mguro.sde.dk\/wp-content\/uploads\/2024\/04\/1-724x1024.png 724w, https:\/\/a64221.mguro.sde.dk\/wp-content\/uploads\/2024\/04\/1-212x300.png 212w, https:\/\/a64221.mguro.sde.dk\/wp-content\/uploads\/2024\/04\/1-768x1086.png 768w, https:\/\/a64221.mguro.sde.dk\/wp-content\/uploads\/2024\/04\/1.png 835w\" sizes=\"(max-width: 724px) 100vw, 724px\" \/><br \/>\n\t\t\t\t\t\t\t\t\t\t\t\t\t<img decoding=\"async\" width=\"723\" height=\"1024\" src=\"https:\/\/a64221.mguro.sde.dk\/wp-content\/uploads\/2024\/04\/jigr-723x1024.png\" alt=\"\" srcset=\"https:\/\/a64221.mguro.sde.dk\/wp-content\/uploads\/2024\/04\/jigr-723x1024.png 723w, https:\/\/a64221.mguro.sde.dk\/wp-content\/uploads\/2024\/04\/jigr-212x300.png 212w, https:\/\/a64221.mguro.sde.dk\/wp-content\/uploads\/2024\/04\/jigr-768x1087.png 768w, https:\/\/a64221.mguro.sde.dk\/wp-content\/uploads\/2024\/04\/jigr.png 835w\" sizes=\"(max-width: 723px) 100vw, 723px\" \/><br \/>\n\t\t\t\t\t\t\t\t\t\t\t\t\t<img loading=\"lazy\" decoding=\"async\" width=\"723\" height=\"1024\" src=\"https:\/\/a64221.mguro.sde.dk\/wp-content\/uploads\/2024\/04\/thresh-723x1024.png\" alt=\"\" srcset=\"https:\/\/a64221.mguro.sde.dk\/wp-content\/uploads\/2024\/04\/thresh-723x1024.png 723w, https:\/\/a64221.mguro.sde.dk\/wp-content\/uploads\/2024\/04\/thresh-212x300.png 212w, https:\/\/a64221.mguro.sde.dk\/wp-content\/uploads\/2024\/04\/thresh-768x1087.png 768w, https:\/\/a64221.mguro.sde.dk\/wp-content\/uploads\/2024\/04\/thresh.png 835w\" sizes=\"(max-width: 723px) 100vw, 723px\" \/><br \/>\n\t\t\t\t\t\t\t\t\t\t\t\t\t<img loading=\"lazy\" decoding=\"async\" width=\"722\" height=\"1024\" src=\"https:\/\/a64221.mguro.sde.dk\/wp-content\/uploads\/2024\/04\/tassa-722x1024.png\" alt=\"\" srcset=\"https:\/\/a64221.mguro.sde.dk\/wp-content\/uploads\/2024\/04\/tassa-722x1024.png 722w, https:\/\/a64221.mguro.sde.dk\/wp-content\/uploads\/2024\/04\/tassa-211x300.png 211w, https:\/\/a64221.mguro.sde.dk\/wp-content\/uploads\/2024\/04\/tassa-768x1090.png 768w, https:\/\/a64221.mguro.sde.dk\/wp-content\/uploads\/2024\/04\/tassa.png 833w\" sizes=\"(max-width: 722px) 100vw, 722px\" \/>\t\t\t\t\t\t\t\t\t\t\t\t\t<\/p>\n<p>Min lidenskab for medier og visuel kommunikation str\u00e6kker sig ogs\u00e5 til fotografi og videoproduktion. Min passion for kreativitet blomstrer is\u00e6r inden for design af illustrationer og billedbehandling.\u00a0<\/p>\n<p>\t\t\t<a href=\"https:\/\/a64221.mguro.sde.dk\/?page_id=85\"><br \/>\n\t\t\t\t\t\tSe min portfolio<br \/>\n\t\t\t\t\t<\/a><\/p>\n","protected":false},"excerpt":{"rendered":"<p>Som en mediegrafiker studerende ved Syddansk Erhvervsskole, er jeg i \u00f8jeblikket engageret i Grundforl\u00f8b 2, og jeg finder stor gl\u00e6de [&hellip;]<\/p>\n","protected":false},"author":1,"featured_media":0,"parent":0,"menu_order":0,"comment_status":"closed","ping_status":"closed","template":"","meta":{"site-sidebar-layout":"no-sidebar","site-content-layout":"","ast-site-content-layout":"full-width-container","site-content-style":"default","site-sidebar-style":"default","ast-global-header-display":"","ast-banner-title-visibility":"","ast-main-header-display":"","ast-hfb-above-header-display":"","ast-hfb-below-header-display":"","ast-hfb-mobile-header-display":"","site-post-title":"disabled","ast-breadcrumbs-content":"","ast-featured-img":"disabled","footer-sml-layout":"","theme-transparent-header-meta":"","adv-header-id-meta":"","stick-header-meta":"","header-above-stick-meta":"","header-main-stick-meta":"","header-below-stick-meta":"","astra-migrate-meta-layouts":"default","ast-page-background-enabled":"default","ast-page-background-meta":{"desktop":{"background-color":"var(--ast-global-color-4)","background-image":"","background-repeat":"repeat","background-position":"center center","background-size":"auto","background-attachment":"scroll","background-type":"","background-media":"","overlay-type":"","overlay-color":"","overlay-gradient":""},"tablet":{"background-color":"","background-image":"","background-repeat":"repeat","background-position":"center center","background-size":"auto","background-attachment":"scroll","background-type":"","background-media":"","overlay-type":"","overlay-color":"","overlay-gradient":""},"mobile":{"background-color":"","background-image":"","background-repeat":"repeat","background-position":"center center","background-size":"auto","background-attachment":"scroll","background-type":"","background-media":"","overlay-type":"","overlay-color":"","overlay-gradient":""}},"ast-content-background-meta":{"desktop":{"background-color":"var(--ast-global-color-5)","background-image":"","background-repeat":"repeat","background-position":"center center","background-size":"auto","background-attachment":"scroll","background-type":"","background-media":"","overlay-type":"","overlay-color":"","overlay-gradient":""},"tablet":{"background-color":"var(--ast-global-color-5)","background-image":"","background-repeat":"repeat","background-position":"center center","background-size":"auto","background-attachment":"scroll","background-type":"","background-media":"","overlay-type":"","overlay-color":"","overlay-gradient":""},"mobile":{"background-color":"var(--ast-global-color-5)","background-image":"","background-repeat":"repeat","background-position":"center center","background-size":"auto","background-attachment":"scroll","background-type":"","background-media":"","overlay-type":"","overlay-color":"","overlay-gradient":""}},"footnotes":""},"_links":{"self":[{"href":"https:\/\/a64221.mguro.sde.dk\/index.php?rest_route=\/wp\/v2\/pages\/14"}],"collection":[{"href":"https:\/\/a64221.mguro.sde.dk\/index.php?rest_route=\/wp\/v2\/pages"}],"about":[{"href":"https:\/\/a64221.mguro.sde.dk\/index.php?rest_route=\/wp\/v2\/types\/page"}],"author":[{"embeddable":true,"href":"https:\/\/a64221.mguro.sde.dk\/index.php?rest_route=\/wp\/v2\/users\/1"}],"replies":[{"embeddable":true,"href":"https:\/\/a64221.mguro.sde.dk\/index.php?rest_route=%2Fwp%2Fv2%2Fcomments&post=14"}],"version-history":[{"count":105,"href":"https:\/\/a64221.mguro.sde.dk\/index.php?rest_route=\/wp\/v2\/pages\/14\/revisions"}],"predecessor-version":[{"id":370,"href":"https:\/\/a64221.mguro.sde.dk\/index.php?rest_route=\/wp\/v2\/pages\/14\/revisions\/370"}],"wp:attachment":[{"href":"https:\/\/a64221.mguro.sde.dk\/index.php?rest_route=%2Fwp%2Fv2%2Fmedia&parent=14"}],"curies":[{"name":"wp","href":"https:\/\/api.w.org\/{rel}","templated":true}]}}